{"id":509,"date":"2022-03-31T16:36:11","date_gmt":"2022-03-31T16:36:11","guid":{"rendered":"https:\/\/qmotive.agency\/?page_id=509"},"modified":"2022-03-31T16:50:34","modified_gmt":"2022-03-31T16:50:34","slug":"services-2","status":"publish","type":"page","link":"https:\/\/qmotive.agency\/?page_id=509","title":{"rendered":"Services"},"content":{"rendered":"<section>\n<h2>KARRIERE<\/h2>\n<\/section>\n<p><a href=\"https:\/\/qmotive.agency\/\">Home<\/a><\/p>\n<section>\n<h1>Extravagant. Eindrucksvoll. Wundersch\u00f6n<\/h1>\n<h2>IT&#8217;S YOUR TIME TO SHINE<\/h2>\n<\/section>\n<p>                    <a href=\"https:\/\/qmotive.agency\/about-us\/\"><br \/>\nMehr erfahren<br \/>\n            <\/a><\/p>\n<h5>Wir die Haargalerie sind Meister darin, Menschen zu versch\u00f6nern. Wir sind viel mehr als ein klassischer Friseur, wir sind HAIRDESIGNER. Die Haargalerie ist die Adresse in Fellbach, wenn es um wundersch\u00f6ne, eindrucksvolle und extravagante Frisuren und Make Up geht. F\u00fcr den Alltag, f\u00fcr die Arbeit und f\u00fcr besondere Tage wie Hochzeiten.\u00a0<\/h5>\n<h5>Die Haargalerie verbindet Tradition mit jungem und dynamischem Wagemut.\u00a0Unser Team ist super freundlich und ist extrem Talentiert, das wissen unsere Kunden zu sch\u00e4tzten.\u00a0Unsere Crew ist wie eine Familie. Wir arbeiten mit Herzblut, versch\u00f6nern K\u00f6pfe, haben Spa\u00df bei der Arbeit.\u00a0<\/h5>\n<h4>Willkommen bei der HAARGALERIE<\/h4>\n<section style=\"\" >\n            <img loading=\"lazy\" width=\"1000\" height=\"667\" src=\"data:image\/gif;base64,R0lGODlhAQABAIAAAAAAAP\/\/\/yH5BAEAAAAALAAAAAABAAEAAAIBRAA7\" alt=\"1000_F_136524998_7vQiyVIOgJW3NdHOazLgHS8l2YN1VrpS\" data-ratio=\"1.5\" data-original-w=\"1000\" data-src=\"https:\/\/qmotive.agency\/wp-content\/uploads\/2022\/03\/1000_F_136524998_7vQiyVIOgJW3NdHOazLgHS8l2YN1VrpS.jpeg\" \/><br \/>\n<\/section>\n<p><!-- widget-container -->\t\t<\/p>\n<section>\n<h1><\/h1>\n<h2>MEN<\/h2>\n<\/section>\n<section style=\"\" >\n<ul >\n<li >Price Item #110 $\n<p >Lorem ipsum dolor sit amet, consectetur adipisicing elit<\/p>\n<\/li>\n<li >Price Item #110 $\n<p >Lorem ipsum dolor sit amet, consectetur adipisicing elit<\/p>\n<\/li>\n<li >Price Item #27.5 $\n<p >Lorem ipsum dolor sit amet, consectetur adipisicing elit<\/p>\n<\/li>\n<li >Price Item #311 $\n<p >Lorem ipsum dolor sit amet, consectetur adipisicing elit<\/p>\n<\/li>\n<\/ul>\n<\/section>\n<p><!-- widget-container --><br \/>\n                    <a href=\"https:\/\/qmotive.agency\/about-us\/\"><br \/>\nMehr erfahren<br \/>\n            <\/a><\/p>\n<section>\n<h1><\/h1>\n<h2>KID&#8217;S<\/h2>\n<\/section>\n<section style=\"\" >\n<ul >\n<li >Price Item #110 $\n<p >Lorem ipsum dolor sit amet, consectetur adipisicing elit<\/p>\n<\/li>\n<li >Price Item #110 $\n<p >Lorem ipsum dolor sit amet, consectetur adipisicing elit<\/p>\n<\/li>\n<li >Price Item #27.5 $\n<p >Lorem ipsum dolor sit amet, consectetur adipisicing elit<\/p>\n<\/li>\n<li >Price Item #311 $\n<p >Lorem ipsum dolor sit amet, consectetur adipisicing elit<\/p>\n<\/li>\n<\/ul>\n<\/section>\n<p><!-- widget-container --><br \/>\n                    <a href=\"https:\/\/qmotive.agency\/about-us\/\"><br \/>\nMehr erfahren<br \/>\n            <\/a><\/p>\n<section style=\"\" >\n            <img loading=\"lazy\" width=\"1000\" height=\"667\" src=\"data:image\/gif;base64,R0lGODlhAQABAIAAAAAAAP\/\/\/yH5BAEAAAAALAAAAAABAAEAAAIBRAA7\" alt=\"boy-girl-Unbenannt-2\" data-ratio=\"1.5\" data-original-w=\"1000\" data-src=\"https:\/\/qmotive.agency\/wp-content\/uploads\/2022\/03\/boy-girl-Unbenannt-2.jpg\" \/><br \/>\n<\/section>\n<p><!-- widget-container -->\t\t<\/p>\n<section>\n<h2>SPECIALIZATION<\/h2>\n<h3>We are innovative<\/h3>\n<\/section>\n<section style=\"\" >\n<h4>ARCHITECTURE<\/h4>\n<p>A wonderful serenity has taken possession of my entire soul, like these sweet mornings of spring which I enjoy with my whole heart.<\/p>\n<\/section>\n<p><!-- widget-container -->\t\t<\/p>\n<section style=\"\" >\n<h4>INTERIOR DESIGN<\/h4>\n<p>A wonderful serenity has taken possession of my entire soul, like these sweet mornings of spring which I enjoy with my whole heart.<\/p>\n<\/section>\n<p><!-- widget-container -->\t\t<\/p>\n<section style=\"\" >\n<h4>GARDEN &#038; OUTDOOR<\/h4>\n<p>A wonderful serenity has taken possession of my entire soul, like these sweet mornings of spring which I enjoy with my whole heart.<\/p>\n<\/section>\n<p><!-- widget-container -->\t\t<\/p>\n<section style=\"\" >\n<h4>ARCHITECTURE<\/h4>\n<p>A wonderful serenity has taken possession of my entire soul, like these sweet mornings of spring which I enjoy with my whole heart.<\/p>\n<\/section>\n<p><!-- widget-container -->\t\t<\/p>\n<section style=\"\" >\n<h4>INTERIOR DESIGN<\/h4>\n<p>A wonderful serenity has taken possession of my entire soul, like these sweet mornings of spring which I enjoy with my whole heart.<\/p>\n<\/section>\n<p><!-- widget-container -->\t\t<\/p>\n<section style=\"\" >\n<h4>GARDEN &#038; OUTDOOR<\/h4>\n<p>A wonderful serenity has taken possession of my entire soul, like these sweet mornings of spring which I enjoy with my whole heart.<\/p>\n<\/section>\n<p><!-- widget-container -->\t\t<\/p>\n<section style=\"\" >\n<h4>CONSULTATION<\/h4>\n<p>A wonderful serenity has taken possession of my entire soul, like these sweet mornings of spring which I enjoy with my whole heart.<\/p>\n<\/section>\n<p><!-- widget-container -->\t\t<\/p>\n<section style=\"\" >\n<h4>COMMERCIAL DESIGN<\/h4>\n<p>A wonderful serenity has taken possession of my entire soul, like these sweet mornings of spring which I enjoy with my whole heart.<\/p>\n<\/section>\n<p><!-- widget-container -->\t\t<\/p>\n<section style=\"\" >\n<h4>LANDSCAPE <\/h4>\n<p>A wonderful serenity has taken possession of my entire soul, like these sweet mornings of spring which I enjoy with my whole heart.<\/p>\n<\/section>\n<p><!-- widget-container -->\t\t<\/p>\n<section>\n<h2>OUR APPROACH<\/h2>\n<h3>Outstanding <br \/> Designs<\/h3>\n<p>A wonderful serenity has taken possession of my entire soul, <br \/> like these sweet mornings of spring which I enjoy with my <br \/> whole heart.A wonderful serenity has taken possession of my <br >entire soul, like these sweet.<br \/>\n        <\/section>\n<p>                    <a href=\"https:\/\/qmotive.agency\/about-us\/\"><br \/>\nRead more<br \/>\n            <\/a><\/p>\n<section style=\"\" >\n            <img loading=\"lazy\" width=\"613\" height=\"700\" src=\"data:image\/gif;base64,R0lGODlhAQABAIAAAAAAAP\/\/\/yH5BAEAAAAALAAAAAABAAEAAAIBRAA7\" alt=\"demo-attachment-31-apartment-architecture-ceiling-259962-min\" data-ratio=\"0.88\" data-original-w=\"4288\" sizes=\"auto\" data-srcset=\"https:\/\/qmotive.agency\/wp-content\/uploads\/2018\/06\/apartment-architecture-ceiling-259962-min-150x171.jpg 150w,https:\/\/qmotive.agency\/wp-content\/uploads\/2018\/06\/apartment-architecture-ceiling-259962-min-300x343.jpg 300w,https:\/\/qmotive.agency\/wp-content\/uploads\/2018\/06\/apartment-architecture-ceiling-259962-min-768x877.jpg 768w,https:\/\/qmotive.agency\/wp-content\/uploads\/2018\/06\/apartment-architecture-ceiling-259962-min-1024x1169.jpg 1024w,https:\/\/qmotive.agency\/wp-content\/uploads\/2018\/06\/apartment-architecture-ceiling-259962-min-613x700.jpg 613w\" data-src=\"https:\/\/qmotive.agency\/wp-content\/uploads\/2018\/06\/apartment-architecture-ceiling-259962-min-613x700.jpg\" \/><br \/>\n<\/section>\n<p><!-- widget-container -->\t\t<\/p>\n<section style=\"\" >\n            <img loading=\"lazy\" width=\"365\" height=\"700\" src=\"data:image\/gif;base64,R0lGODlhAQABAIAAAAAAAP\/\/\/yH5BAEAAAAALAAAAAABAAEAAAIBRAA7\" alt=\"demo-attachment-32-tiomothy-swope-116695-unsplash-min\" data-ratio=\"0.52\" data-original-w=\"2912\" sizes=\"auto\" data-srcset=\"https:\/\/qmotive.agency\/wp-content\/uploads\/2018\/06\/tiomothy-swope-116695-unsplash-min-150x288.jpg 150w,https:\/\/qmotive.agency\/wp-content\/uploads\/2018\/06\/tiomothy-swope-116695-unsplash-min-300x575.jpg 300w,https:\/\/qmotive.agency\/wp-content\/uploads\/2018\/06\/tiomothy-swope-116695-unsplash-min-768x1473.jpg 768w,https:\/\/qmotive.agency\/wp-content\/uploads\/2018\/06\/tiomothy-swope-116695-unsplash-min-1024x1964.jpg 1024w,https:\/\/qmotive.agency\/wp-content\/uploads\/2018\/06\/tiomothy-swope-116695-unsplash-min-365x700.jpg 365w\" data-src=\"https:\/\/qmotive.agency\/wp-content\/uploads\/2018\/06\/tiomothy-swope-116695-unsplash-min-365x700.jpg\" \/><br \/>\n<\/section>\n<p><!-- widget-container -->\t\t<\/p>\n<section style=\"\" >\n            <img loading=\"lazy\" width=\"133\" height=\"39\" src=\"data:image\/gif;base64,R0lGODlhAQABAIAAAAAAAP\/\/\/yH5BAEAAAAALAAAAAABAAEAAAIBRAA7\" alt=\"demo-attachment-18-client-3@2x\" data-ratio=\"3.4\" data-original-w=\"133\" sizes=\"auto\" data-src=\"https:\/\/qmotive.agency\/wp-content\/uploads\/2018\/06\/client-3@2x-143x42.png\" \/><br \/>\n<\/section>\n<p><!-- widget-container -->\t\t<\/p>\n<section style=\"\" >\n            <img loading=\"lazy\" width=\"96\" height=\"68\" src=\"data:image\/gif;base64,R0lGODlhAQABAIAAAAAAAP\/\/\/yH5BAEAAAAALAAAAAABAAEAAAIBRAA7\" alt=\"demo-attachment-16-client-4@2x\" data-ratio=\"1.41\" data-original-w=\"96\" sizes=\"auto\" data-src=\"https:\/\/qmotive.agency\/wp-content\/uploads\/2018\/06\/client-4@2x-103x73.png\" \/><br \/>\n<\/section>\n<p><!-- widget-container -->\t\t<\/p>\n<section style=\"\" >\n            <img loading=\"lazy\" width=\"126\" height=\"50\" src=\"data:image\/gif;base64,R0lGODlhAQABAIAAAAAAAP\/\/\/yH5BAEAAAAALAAAAAABAAEAAAIBRAA7\" alt=\"demo-attachment-15-client-5@2x\" data-ratio=\"2.65\" data-original-w=\"126\" sizes=\"auto\" data-src=\"https:\/\/qmotive.agency\/wp-content\/uploads\/2018\/06\/client-5@2x-143x54.png\" \/><br \/>\n<\/section>\n<p><!-- widget-container -->\t\t<\/p>\n<section style=\"\" >\n            <img loading=\"lazy\" width=\"102\" height=\"40\" src=\"data:image\/gif;base64,R0lGODlhAQABAIAAAAAAAP\/\/\/yH5BAEAAAAALAAAAAABAAEAAAIBRAA7\" alt=\"demo-attachment-14-client-1@2x-1-1\" data-ratio=\"2.53\" data-original-w=\"102\" sizes=\"auto\" data-src=\"https:\/\/qmotive.agency\/wp-content\/uploads\/2018\/06\/client-1@2x-1-1-109x43.png\" \/><br \/>\n<\/section>\n<p><!-- widget-container -->\t\t<\/p>\n<section style=\"\" >\n            <img loading=\"lazy\" width=\"109\" height=\"66\" src=\"data:image\/gif;base64,R0lGODlhAQABAIAAAAAAAP\/\/\/yH5BAEAAAAALAAAAAABAAEAAAIBRAA7\" alt=\"demo-attachment-17-client-9@2x-1-1\" data-ratio=\"1.65\" data-original-w=\"109\" sizes=\"auto\" data-src=\"https:\/\/qmotive.agency\/wp-content\/uploads\/2018\/06\/client-9@2x-1-1-117x71.png\" \/><br \/>\n<\/section>\n<p><!-- widget-container -->\t\t<\/p>\n<section style=\"\" >\n            <img loading=\"lazy\" width=\"128\" height=\"33\" src=\"data:image\/gif;base64,R0lGODlhAQABAIAAAAAAAP\/\/\/yH5BAEAAAAALAAAAAABAAEAAAIBRAA7\" alt=\"demo-attachment-19-client-7@2x\" data-ratio=\"3.81\" data-original-w=\"128\" sizes=\"auto\" data-src=\"https:\/\/qmotive.agency\/wp-content\/uploads\/2018\/06\/client-7@2x-137x36.png\" \/><br \/>\n<\/section>\n<p><!-- widget-container -->\t\t<\/p>\n<section>\n<h2>TERMIN BUCHEN<\/h2>\n<p>Buche jetzt einen Termin bei deinem Hair &amp; Styling Experten aus der Nachbarschaft<strong><br \/>\n        <\/section>\n<p>                    <a href=\"https:\/\/qmotive.agency\/contact-us\/\"><br \/>\nJetzt Termin buchen<br \/>\n            <\/a><\/p>\n","protected":false},"excerpt":{"rendered":"<p>KARRIERE Home Extravagant. Eindrucksvoll. Wundersch\u00f6n IT&#8217;S YOUR TIME TO SHINE Mehr erfahren Wir die Haargalerie sind Meister darin, Menschen zu versch\u00f6nern. Wir sind viel mehr als ein klassischer Friseur, wir sind HAIRDESIGNER. Die Haargalerie ist die Adresse in Fellbach, wenn es um wundersch\u00f6ne, eindrucksvolle und extravagante Frisuren und Make Up geht. F\u00fcr den Alltag, f\u00fcr [&hellip;]<\/p>\n","protected":false},"author":1,"featured_media":0,"parent":0,"menu_order":0,"comment_status":"closed","ping_status":"closed","template":"templates\/page-builder-content.php","meta":[],"_links":{"self":[{"href":"https:\/\/qmotive.agency\/index.php?rest_route=\/wp\/v2\/pages\/509"}],"collection":[{"href":"https:\/\/qmotive.agency\/index.php?rest_route=\/wp\/v2\/pages"}],"about":[{"href":"https:\/\/qmotive.agency\/index.php?rest_route=\/wp\/v2\/types\/page"}],"author":[{"embeddable":true,"href":"https:\/\/qmotive.agency\/index.php?rest_route=\/wp\/v2\/users\/1"}],"replies":[{"embeddable":true,"href":"https:\/\/qmotive.agency\/index.php?rest_route=%2Fwp%2Fv2%2Fcomments&post=509"}],"version-history":[{"count":4,"href":"https:\/\/qmotive.agency\/index.php?rest_route=\/wp\/v2\/pages\/509\/revisions"}],"predecessor-version":[{"id":514,"href":"https:\/\/qmotive.agency\/index.php?rest_route=\/wp\/v2\/pages\/509\/revisions\/514"}],"wp:attachment":[{"href":"https:\/\/qmotive.agency\/index.php?rest_route=%2Fwp%2Fv2%2Fmedia&parent=509"}],"curies":[{"name":"wp","href":"https:\/\/api.w.org\/{rel}","templated":true}]}}